{"id":346,"date":"2024-05-21T12:37:50","date_gmt":"2024-05-21T12:37:50","guid":{"rendered":"http:\/\/localhost\/?page_id=346"},"modified":"2026-04-01T08:28:46","modified_gmt":"2026-04-01T07:28:46","slug":"kommande-webinar","status":"publish","type":"page","link":"https:\/\/www.rldatix.com\/se\/handelser\/kommande-webinar\/","title":{"rendered":"Kommande Webinar"},"content":{"rendered":"\n        <section id=\"\"\n        class=\"hero-secondary text-bg-off-white pt-46 pb-17 pb-md-26\">\n        <div class=\"container\">\n            <div class=\"breadcrumb text-center text-md-start mb-10 mb-md-21\"><span><span><a href=\"https:\/\/www.rldatix.com\/se\/\"><i class=\"icon-home\"><\/i><span class=\"hide-breadcrumb-text\">RLDatix \u2013 Sweden<span><\/a><\/span><\/span><\/div>        <\/div>\n        <div class=\"container-medium position-relative z-2\">\n            \n\n<h5 class=\"wp-block-heading text-small-normal fw-bold mb-2 has-text-align-center\" class=\"wp-block-heading text-small-normal fw-bold mb-2 has-text-align-center\" id=\"\">\n\t\t\t\t<\/h5>\n\n\n\n<h1 class=\"wp-block-heading heading-h1 mb-4 has-text-align-center\" class=\"wp-block-heading heading-h1 mb-4 has-text-align-center\" id=\"kommande-webinar\">\n\t\t\t\tKommande Webinar<\/h1>\n\n\n\n<p class=\"text-medium-normal mb-8 has-text-align-center\"><\/p>\n\n\n\n<div class=\"wp-block-buttons is-content-justification-center is-layout-flex wp-block-buttons-is-layout-flex\"><\/div>\n\n\n        <\/div>\n\n        \n        \n            <\/section>\n\n\n\n\n        <section id=\"\" class=\"grid-posts text-bg-white py-17 py-md-26\"\n        data-bs-theme=\"white\">\n        <div class=\"container\">\n            <div class=\"d-flex flex-column flex-md-row justify-content-between align-items-center mb-12 mb-md-18\">\n                <div class=\"intro text-center text-lg-start mb-4 mb-md-0\">\n                    \n\n<h3 class=\"wp-block-heading heading-h3 mb-0\" class=\"wp-block-heading heading-h3 mb-0\" id=\"\">\n\t\t\t\t<\/h3>\n\n\n\n<p class=\"text-medium-normal mt-3 mb-0\"><\/p>\n\n\n                <\/div>\n                <form data-post_type=\"post\"\n                    data-category=\"258\"\n                    data-tag=\"\"\n                    data-posts_per_page=\"6\"\n                    data-enable_additional_info=\"0\"\n                    data-show_author=\"0\"\n                    data-show_author_avatar=\"0\"\n                    data-show_publish_date=\"0\"\n                    data-show_reading_time=\"0\"\n                    action=\"https:\/\/www.rldatix.com\/se\/inspiration\/\" class=\"d-flex filters inline-filter\">\n                    <input type=\"hidden\" name=\"post_type\" value=\"post\">\n                    <input type=\"hidden\" name=\"posts_per_page\" value=\"6\">\n                    <div class=\"input-group border border-dark rounded-pill overflow-hidden ps-2\">\n                        <div class=\"search-wrapper position-relative\">\n                            <input type=\"text\" name=\"s\" class=\"form-control border-0\" placeholder=\"Search\">\n                            <button type=\"submit\"\n                                class=\"btn btn-link text-decoration-none border-0 position-absolute top-50 end-0 translate-middle-y\">\n                                <i class=\"icon-search align-middle\"><\/i>\n                            <\/button>\n                            <button type=\"reset\"\n                                class=\"btn btn-link text-decoration-none border-0 position-absolute top-50 end-0 translate-middle-y d-none\">\n                                <i class=\"icon-close align-middle\"><\/i>\n                            <\/button>\n                        <\/div>\n                    <\/div>\n\n                    <div class=\"input-group border border-dark rounded-pill ms-3 pe-0 press-filter-wrap\">\n                        <select class=\"selectpicker border-0 text-regular-normal\" name=\"sort\">\n                            <option value=\"\">Sortera Efter<\/option>\n                            <option value=\"newest\">Nyast<\/option>\n                            <option value=\"oldest\">\u00c4ldst<\/option>\n                        <\/select>\n                        <input type=\"checkbox\" class=\"btn-check\" name=\"order\" value=\"asc\" id=\"order\" autocomplete=\"off\">\n                    <\/div>\n                <\/form>\n            <\/div>\n\n                            <div class=\"row shuffle-wrapper overflow-visible overflow-y-visible more-container\">\n\n\n                    \n                        <div data-created=\"2026-02-19 10:11:06\" class=\"col-md-6 col-lg-4 shuffle-item more-item\">\n                            \n<article class=\"text-bg-white rounded-4 h-100 position-relative loop loop-more loop-item loop-no-additional-info post-8180 post type-post status-publish format-standard has-post-thumbnail hentry category-kommande-webinar primary-category-kommande-webinar\"> <!-- Added logic for customer Logo -->\n    <div class=\"thumbnail-wrapper position-relative \">\n        <a href=\"https:\/\/www.rldatix.com\/se\/resources\/sa-sakrar-du-din-kompetensutveckling-med-rldatix-digitala-utbud\/\" class=\"thumbnail-link\">\n\n                            <img loading=\"lazy\" decoding=\"async\" width=\"362\" height=\"240\" src=\"https:\/\/www.rldatix.com\/se\/wp-content\/uploads\/sites\/9\/2025\/04\/Kvinna-pratar-i-telefon-vid-dator-362x240.png\" class=\"img-fluid rounded-1 h-100\" alt=\"\" srcset=\"https:\/\/www.rldatix.com\/se\/wp-content\/uploads\/sites\/9\/2025\/04\/Kvinna-pratar-i-telefon-vid-dator-362x240.png 362w, https:\/\/www.rldatix.com\/se\/wp-content\/uploads\/sites\/9\/2025\/04\/Kvinna-pratar-i-telefon-vid-dator-300x200.png 300w, https:\/\/www.rldatix.com\/se\/wp-content\/uploads\/sites\/9\/2025\/04\/Kvinna-pratar-i-telefon-vid-dator-768x512.png 768w, https:\/\/www.rldatix.com\/se\/wp-content\/uploads\/sites\/9\/2025\/04\/Kvinna-pratar-i-telefon-vid-dator-79x53.png 79w, https:\/\/www.rldatix.com\/se\/wp-content\/uploads\/sites\/9\/2025\/04\/Kvinna-pratar-i-telefon-vid-dator-720x478.png 720w, https:\/\/www.rldatix.com\/se\/wp-content\/uploads\/sites\/9\/2025\/04\/Kvinna-pratar-i-telefon-vid-dator-724x480.png 724w, https:\/\/www.rldatix.com\/se\/wp-content\/uploads\/sites\/9\/2025\/04\/Kvinna-pratar-i-telefon-vid-dator.png 862w\" sizes=\"auto, (max-width: 362px) 100vw, 362px\" \/>            \n            \n        <\/a>\n    <\/div>\n    <div class=\"d-flex flex-column\">\n        <div class=\"mb-7\">\n            <div class=\"d-flex justify-content-between\">\n                <ul class=\"list-unstyled mb-0 list-inline d-flex tags flex-wrap gap-1\"><li class=\"tag\">Kommande webinar<\/li><\/ul>            <\/div>\n\n            <h2 class=\"loop-item-title heading-h6\">\n                <a href=\"https:\/\/www.rldatix.com\/se\/resources\/sa-sakrar-du-din-kompetensutveckling-med-rldatix-digitala-utbud\/\"\n                    class=\"text-teal text-decoration-none stretched-link\">S\u00e5 s\u00e4krar du din kompetensutveckling med RLDatix digitala utbud<\/a>\n            <\/h2>\n        <\/div>\n\n        \n    <\/div>\n    <!-- <a href=\"https:\/\/www.rldatix.com\/se\/resources\/sa-sakrar-du-din-kompetensutveckling-med-rldatix-digitala-utbud\/\" class=\"position-absolute w-100 h-100 start-0 top-0\"><\/a> -->\n<\/article>                        <\/div>\n\n                        \n                    \n                    <div class=\"col-md-6 col-lg-4 shuffle-sizer\"><\/div>\n\n                <\/div>\n\n\n                \n            \n\n        <\/div>\n    <\/section>\n\n","protected":false},"excerpt":{"rendered":"","protected":false},"author":6,"featured_media":0,"parent":0,"menu_order":0,"comment_status":"closed","ping_status":"closed","template":"template-full-width.php","meta":{"_acf_changed":true,"inline_featured_image":false,"footnotes":""},"class_list":["post-346","page","type-page","status-publish","hentry"],"acf":[],"yoast_head":"<!-- This site is optimized with the Yoast SEO plugin v25.5 - https:\/\/yoast.com\/wordpress\/plugins\/seo\/ -->\n<title>Upcoming webinars | RLDatix \u2013 Online seminars for healthcare &amp; HR<\/title>\n<meta name=\"description\" content=\"Kommande Webinar. Uppt\u00e4ck mjukvarul\u00f6sningar f\u00f6r h\u00e4lso- och sjukv\u00e5rden som st\u00f6djer patients\u00e4kerhet, regelefterlevnad och operativ effektivitet.\" \/>\n<meta name=\"robots\" content=\"index, follow, max-snippet:-1, max-image-preview:large, max-video-preview:-1\" \/>\n<link rel=\"canonical\" href=\"https:\/\/www.rldatix.com\/se\/handelser\/kommande-webinar\/\" \/>\n<meta property=\"og:locale\" content=\"sv_SE\" \/>\n<meta property=\"og:type\" content=\"article\" \/>\n<meta property=\"og:title\" content=\"Upcoming webinars | RLDatix \u2013 Online seminars for healthcare &amp; HR\" \/>\n<meta property=\"og:description\" content=\"Kommande Webinar. Uppt\u00e4ck mjukvarul\u00f6sningar f\u00f6r h\u00e4lso- och sjukv\u00e5rden som st\u00f6djer patients\u00e4kerhet, regelefterlevnad och operativ effektivitet.\" \/>\n<meta property=\"og:url\" content=\"https:\/\/www.rldatix.com\/se\/handelser\/kommande-webinar\/\" \/>\n<meta property=\"og:site_name\" content=\"Sweden\" \/>\n<meta property=\"article:modified_time\" content=\"2026-04-01T07:28:46+00:00\" \/>\n<meta property=\"og:image\" content=\"https:\/\/www.rldatix.com\/se\/wp-content\/uploads\/sites\/9\/2025\/04\/Optimerad-bemanningsplanering-Swedish-Banner-2-1.png\" \/>\n\t<meta property=\"og:image:width\" content=\"1600\" \/>\n\t<meta property=\"og:image:height\" content=\"900\" \/>\n\t<meta property=\"og:image:type\" content=\"image\/png\" \/>\n<meta name=\"twitter:card\" content=\"summary_large_image\" \/>\n<meta name=\"twitter:label1\" content=\"Est. reading time\" \/>\n\t<meta name=\"twitter:data1\" content=\"1 minut\" \/>\n<script type=\"application\/ld+json\" class=\"yoast-schema-graph\">{\"@context\":\"https:\/\/schema.org\",\"@graph\":[{\"@type\":\"WebPage\",\"@id\":\"https:\/\/www.rldatix.com\/se\/handelser\/kommande-webinar\/\",\"url\":\"https:\/\/www.rldatix.com\/se\/handelser\/kommande-webinar\/\",\"name\":\"Upcoming webinars | RLDatix \u2013 Online seminars for healthcare & HR\",\"isPartOf\":{\"@id\":\"https:\/\/www.rldatix.com\/se\/#website\"},\"datePublished\":\"2024-05-21T12:37:50+00:00\",\"dateModified\":\"2026-04-01T07:28:46+00:00\",\"description\":\"Kommande Webinar. Uppt\u00e4ck mjukvarul\u00f6sningar f\u00f6r h\u00e4lso- och sjukv\u00e5rden som st\u00f6djer patients\u00e4kerhet, regelefterlevnad och operativ effektivitet.\",\"breadcrumb\":{\"@id\":\"https:\/\/www.rldatix.com\/se\/handelser\/kommande-webinar\/#breadcrumb\"},\"inLanguage\":\"sv-SE\",\"potentialAction\":[{\"@type\":\"ReadAction\",\"target\":[\"https:\/\/www.rldatix.com\/se\/handelser\/kommande-webinar\/\"]}],\"about\":{\"@id\":\"https:\/\/www.rldatix.com\/se\/#organization\"}},{\"@type\":\"BreadcrumbList\",\"@id\":\"https:\/\/www.rldatix.com\/se\/handelser\/kommande-webinar\/#breadcrumb\",\"itemListElement\":[{\"@type\":\"ListItem\",\"position\":1,\"name\":\"RLDatix \u2013 Sweden\",\"item\":\"https:\/\/www.rldatix.com\/se\/\"},{\"@type\":\"ListItem\",\"position\":2,\"name\":\"Kommande Webinar\"}]},{\"@type\":\"WebSite\",\"@id\":\"https:\/\/www.rldatix.com\/se\/#website\",\"url\":\"https:\/\/www.rldatix.com\/se\/\",\"name\":\"RLDatix \u2013 Sweden\",\"description\":\"RLDatix, the real life decisions software solutions driving health in healthcare, helping organise, reduce harm, improve safety and strengthen patient and staff outcomes through systemwide decision making\",\"publisher\":{\"@id\":\"https:\/\/www.rldatix.com\/se\/#organization\"},\"potentialAction\":[{\"@type\":\"SearchAction\",\"target\":{\"@type\":\"EntryPoint\",\"urlTemplate\":\"https:\/\/www.rldatix.com\/se\/?s={search_term_string}\"},\"query-input\":{\"@type\":\"PropertyValueSpecification\",\"valueRequired\":true,\"valueName\":\"search_term_string\"}}],\"inLanguage\":\"sv-SE\"},{\"@type\":\"Organization\",\"@id\":\"https:\/\/www.rldatix.com\/se\/#organization\",\"name\":\"RLDatix \u2013 Sweden\",\"url\":\"https:\/\/www.rldatix.com\/se\/\",\"logo\":{\"@type\":\"ImageObject\",\"inLanguage\":\"sv-SE\",\"@id\":\"https:\/\/www.rldatix.com\/se\/#\/schema\/logo\/image\/\",\"url\":\"https:\/\/www.rldatix.com\/se\/wp-content\/uploads\/sites\/9\/2024\/08\/logo-dark.svg\",\"contentUrl\":\"https:\/\/www.rldatix.com\/se\/wp-content\/uploads\/sites\/9\/2024\/08\/logo-dark.svg\",\"caption\":\"RLDatix \u2013 Sweden\"},\"image\":{\"@id\":\"https:\/\/www.rldatix.com\/se\/#\/schema\/logo\/image\/\"},\"sameAs\":[\"https:\/\/www.linkedin.com\/company\/rldatix-ab\/\"],\"areaServed\":\"Worldwide\",\"parentOrganization\":{\"@id\":\"https:\/\/www.rldatix.com\/#organization\"}},{\"@type\":\"Organization\",\"@id\":\"https:\/\/www.rldatix.com\/#organization\",\"name\":\"RLDatix\",\"url\":\"https:\/\/www.rldatix.com\/\"}]}<\/script>\n<!-- \/ Yoast SEO plugin. -->","yoast_head_json":{"title":"Upcoming webinars | RLDatix \u2013 Online seminars for healthcare & HR","description":"Kommande Webinar. Uppt\u00e4ck mjukvarul\u00f6sningar f\u00f6r h\u00e4lso- och sjukv\u00e5rden som st\u00f6djer patients\u00e4kerhet, regelefterlevnad och operativ effektivitet.","robots":{"index":"index","follow":"follow","max-snippet":"max-snippet:-1","max-image-preview":"max-image-preview:large","max-video-preview":"max-video-preview:-1"},"canonical":"https:\/\/www.rldatix.com\/se\/handelser\/kommande-webinar\/","og_locale":"sv_SE","og_type":"article","og_title":"Upcoming webinars | RLDatix \u2013 Online seminars for healthcare & HR","og_description":"Kommande Webinar. Uppt\u00e4ck mjukvarul\u00f6sningar f\u00f6r h\u00e4lso- och sjukv\u00e5rden som st\u00f6djer patients\u00e4kerhet, regelefterlevnad och operativ effektivitet.","og_url":"https:\/\/www.rldatix.com\/se\/handelser\/kommande-webinar\/","og_site_name":"Sweden","article_modified_time":"2026-04-01T07:28:46+00:00","og_image":[{"width":1600,"height":900,"url":"https:\/\/www.rldatix.com\/se\/wp-content\/uploads\/sites\/9\/2025\/04\/Optimerad-bemanningsplanering-Swedish-Banner-2-1.png","type":"image\/png"}],"twitter_card":"summary_large_image","twitter_misc":{"Est. reading time":"1 minut"},"schema":{"@context":"https:\/\/schema.org","@graph":[{"@type":"WebPage","@id":"https:\/\/www.rldatix.com\/se\/handelser\/kommande-webinar\/","url":"https:\/\/www.rldatix.com\/se\/handelser\/kommande-webinar\/","name":"Upcoming webinars | RLDatix \u2013 Online seminars for healthcare & HR","isPartOf":{"@id":"https:\/\/www.rldatix.com\/se\/#website"},"datePublished":"2024-05-21T12:37:50+00:00","dateModified":"2026-04-01T07:28:46+00:00","description":"Kommande Webinar. Uppt\u00e4ck mjukvarul\u00f6sningar f\u00f6r h\u00e4lso- och sjukv\u00e5rden som st\u00f6djer patients\u00e4kerhet, regelefterlevnad och operativ effektivitet.","breadcrumb":{"@id":"https:\/\/www.rldatix.com\/se\/handelser\/kommande-webinar\/#breadcrumb"},"inLanguage":"sv-SE","potentialAction":[{"@type":"ReadAction","target":["https:\/\/www.rldatix.com\/se\/handelser\/kommande-webinar\/"]}],"about":{"@id":"https:\/\/www.rldatix.com\/se\/#organization"}},{"@type":"BreadcrumbList","@id":"https:\/\/www.rldatix.com\/se\/handelser\/kommande-webinar\/#breadcrumb","itemListElement":[{"@type":"ListItem","position":1,"name":"RLDatix \u2013 Sweden","item":"https:\/\/www.rldatix.com\/se\/"},{"@type":"ListItem","position":2,"name":"Kommande Webinar"}]},{"@type":"WebSite","@id":"https:\/\/www.rldatix.com\/se\/#website","url":"https:\/\/www.rldatix.com\/se\/","name":"RLDatix \u2013 Sweden","description":"RLDatix, the real life decisions software solutions driving health in healthcare, helping organise, reduce harm, improve safety and strengthen patient and staff outcomes through systemwide decision making","publisher":{"@id":"https:\/\/www.rldatix.com\/se\/#organization"},"potentialAction":[{"@type":"SearchAction","target":{"@type":"EntryPoint","urlTemplate":"https:\/\/www.rldatix.com\/se\/?s={search_term_string}"},"query-input":{"@type":"PropertyValueSpecification","valueRequired":true,"valueName":"search_term_string"}}],"inLanguage":"sv-SE"},{"@type":"Organization","@id":"https:\/\/www.rldatix.com\/se\/#organization","name":"RLDatix \u2013 Sweden","url":"https:\/\/www.rldatix.com\/se\/","logo":{"@type":"ImageObject","inLanguage":"sv-SE","@id":"https:\/\/www.rldatix.com\/se\/#\/schema\/logo\/image\/","url":"https:\/\/www.rldatix.com\/se\/wp-content\/uploads\/sites\/9\/2024\/08\/logo-dark.svg","contentUrl":"https:\/\/www.rldatix.com\/se\/wp-content\/uploads\/sites\/9\/2024\/08\/logo-dark.svg","caption":"RLDatix \u2013 Sweden"},"image":{"@id":"https:\/\/www.rldatix.com\/se\/#\/schema\/logo\/image\/"},"sameAs":["https:\/\/www.linkedin.com\/company\/rldatix-ab\/"],"areaServed":"Worldwide","parentOrganization":{"@id":"https:\/\/www.rldatix.com\/#organization"}},{"@type":"Organization","@id":"https:\/\/www.rldatix.com\/#organization","name":"RLDatix","url":"https:\/\/www.rldatix.com\/"}]}},"_links":{"self":[{"href":"https:\/\/www.rldatix.com\/se\/wp-json\/wp\/v2\/pages\/346","targetHints":{"allow":["GET"]}}],"collection":[{"href":"https:\/\/www.rldatix.com\/se\/wp-json\/wp\/v2\/pages"}],"about":[{"href":"https:\/\/www.rldatix.com\/se\/wp-json\/wp\/v2\/types\/page"}],"author":[{"embeddable":true,"href":"https:\/\/www.rldatix.com\/se\/wp-json\/wp\/v2\/users\/6"}],"replies":[{"embeddable":true,"href":"https:\/\/www.rldatix.com\/se\/wp-json\/wp\/v2\/comments?post=346"}],"version-history":[{"count":0,"href":"https:\/\/www.rldatix.com\/se\/wp-json\/wp\/v2\/pages\/346\/revisions"}],"wp:attachment":[{"href":"https:\/\/www.rldatix.com\/se\/wp-json\/wp\/v2\/media?parent=346"}],"curies":[{"name":"wp","href":"https:\/\/api.w.org\/{rel}","templated":true}]}}