{"id":52,"date":"2024-05-20T18:28:37","date_gmt":"2024-05-20T18:28:37","guid":{"rendered":"http:\/\/localhost\/?page_id=52"},"modified":"2026-04-01T08:29:03","modified_gmt":"2026-04-01T07:29:03","slug":"utbildninar-tjanster","status":"publish","type":"page","link":"https:\/\/www.rldatix.com\/se\/rldatix-tjansteerbjudande\/","title":{"rendered":"Utbildningar &amp; Tj\u00e4nster"},"content":{"rendered":"\n        <section id=\"\"\n        class=\"hero-tertiary overflow-hidden text-bg-off-white pt-46 pt-lg-46 pb-14 pb-lg-14\"\n        data-bs-theme=\"light\">\n        <div class=\"container\">\n            <div class=\"breadcrumb text-start d-block d-lg-none mb-10\"><span><span><a href=\"https:\/\/www.rldatix.com\/se\/\"><i class=\"icon-home\"><\/i><span class=\"hide-breadcrumb-text\">RLDatix \u2013 Sweden<span><\/a><\/span><\/span><\/div>            <div class=\"row align-items-end align-items-xxl-stretch\">\n                <div class=\"col-lg-6 order-1 order-md-2 order-lg-1 mt-8 mt-lg-0\">\n                    <div class=\"me-0 me-md-24 d-flex flex-column h-100\">\n                        <div class=\"breadcrumb text-start d-none d-lg-block mb-10 mb-md-21\"><span><span><a href=\"https:\/\/www.rldatix.com\/se\/\"><i class=\"icon-home\"><\/i><span class=\"hide-breadcrumb-text\">RLDatix \u2013 Sweden<span><\/a><\/span><\/span><\/div>\n                        <div class=\"mt-auto\">\n                                                            <h5 class=\"text-small-normal fw-medium mb-3 d-flex gap-2 align-items-center\">\n                                                                        Utbildningar &amp; Tj\u00e4nster                                <\/h5>\n                                                        \n\n<h1 class=\"wp-block-heading heading-h2 mb-4\" class=\"wp-block-heading heading-h2 mb-4\" id=\"nya-tider-kraver-nya-satt-att-planera-sin-bemanning\">\n\t\t\t\tNya tider kr\u00e4ver nya s\u00e4tt att planera sin bemanning<\/h1>\n\n\n\n<p class=\"text-medium-normal mb-0\"><\/p>\n\n\n\n<div class=\"wp-block-buttons mt-8 is-layout-flex wp-block-buttons-is-layout-flex\">\n<div class=\"wp-block-button\"><a class=\"wp-block-button__link wp-element-button\" href=\"\/se\/foretag\/kontakta-oss\/\">Kontakta Oss<\/a><\/div>\n<\/div>\n\n\n                        <\/div>\n                    <\/div>\n                <\/div>\n                <div class=\"col-lg-6 order-2 order-md-1 order-lg-2\">\n                    <!-- Condition for Video -->\n                                            <div class=\"text-center img-wrapper\">\n                            <div class=\"\">\n                                <img decoding=\"async\" class=\"rounded-4 img-fluid mt-12 mt-md-0 mb-0 mb-md-8 mb-lg-0 default-image\"\n                                    src=\"https:\/\/www.rldatix.com\/se\/wp-content\/uploads\/sites\/9\/2024\/11\/Services-We-Offer-Block1-1080-720x478.jpg\"\n                                    alt=\"\" \/>\n\n                                <div style=\"background-image: url('https:\/\/www.rldatix.com\/se\/wp-content\/uploads\/sites\/9\/2024\/11\/Services-We-Offer-Block1-1080-720x665.jpg')\"\n                                    class=\"mt-12 mt-md-0 mb-0 mb-md-8 mb-lg-0 bleed-image\"><\/div>\n                                <!-- Video -->\n                                                            <\/div>\n                        <\/div>\n                                    <\/div>\n            <\/div>\n        <\/div>\n    <\/section>\n\n\n\n\n<section \n\tid=\"\"\n\tclass=\"feature-grid py-17 py-md-26 text-bg-teal\" \n\tdata-bs-theme=\"dark\">\n\t<div class=\"container\">\n\n\t\t\t\t<div class=\"d-flex flex-column flex-md-row gap-3 gap-md-0 mb-14 mb-md-18 intro justify-content-between align-items-start align-items-md-center\">\n\n<div class=\"wp-block-group details is-layout-flow wp-block-group-is-layout-flow\">\n<p class=\"text-small-normal fw-bold mb-2\"><\/p>\n\n\n\n<h3 class=\"wp-block-heading heading-h3 mb-0\" class=\"wp-block-heading heading-h3 mb-0\" id=\"bemanningsplanering-handlar-om-mycket-mer-an-bara-schemalaggning\">\n\t\t\t\tBemanningsplanering handlar om mycket mer \u00e4n bara schemal\u00e4ggning<\/h3>\n\n\n\n<p class=\"text-medium-normal mt-3 mb-0\">Det handlar om att ha en v\u00e4l fungerande process med r\u00e4tt roller och kompetenser genom hela kedjan samt system som st\u00f6djer processerna.&nbsp;RLDatix kan hj\u00e4lpa er i f\u00f6r\u00e4ndringsarbetet f\u00f6r att tillsammans hitta de optimala bemanningsl\u00f6sningarna f\u00f6r just er organisation. Vi har l\u00e5ng erfarenhet av att st\u00f6tta v\u00e5ra kunder genom hela utvecklingsprocessen.&nbsp;<\/p>\n<\/div>\n\n\n\n<div class=\"wp-block-buttons is-layout-flex wp-block-buttons-is-layout-flex\"><\/div>\n\n<\/div>\n\t\t\n\t\t\t\t<div class=\"features rounded-4 text-bg-white p-4 p-md-10  \">\n\t\t\t<div class=\"row row-gap-6 row-gap-md-0 row-cols-1 row-cols-md-3\">\n\t\t\t\t\t\t\t\t<div class=\"col-12 col-md flex-fill\">\n\t\t\t\t\t<div class=\"p-0 p-md-3\">\n\t\t\t\t\t\t<h2 \n\t\t\t\t\t\t\tclass=\"heading-h1  mb-3 d-inline-flex align-items-center justify-content-center  rounded text-bg-orange-50 px-2\" \n\t\t\t\t\t\t\tstyle=\"\">\n\t\t\t\t\t\t\t\t\t\t\t\t\t\t\t01\t\t\t\t\t\t\t\t\t\t\t\t\t<\/h2>\n\n\t\t\t\t\t\t\t\t\t\t\t\t<strong class=\"d-block text-medium-normal fw-bold mb-2\">Erfarenhet <\/strong>\n\t\t\t\t\t\t\n\t\t\t\t\t\t                        <p class=\"text-regular-normal m-0 text-teal\">Vi \u00e4r marknadsledande inom bemanningsoptimering med \u00f6ver 30 \u00e5rs erfarenhet inom b\u00e5de systemkunskap och bemanningsprocesser.<\/p>\n                        \n                        \t\t\t\t\t\t\n\t\t\t\t\t<\/div>\n\t\t\t\t<\/div>\n\t\t\t\t\t\t\t\t<div class=\"col-12 col-md flex-fill\">\n\t\t\t\t\t<div class=\"p-0 p-md-3\">\n\t\t\t\t\t\t<h2 \n\t\t\t\t\t\t\tclass=\"heading-h1  mb-3 d-inline-flex align-items-center justify-content-center  rounded text-bg-orange-50 px-2\" \n\t\t\t\t\t\t\tstyle=\"\">\n\t\t\t\t\t\t\t\t\t\t\t\t\t\t\t02\t\t\t\t\t\t\t\t\t\t\t\t\t<\/h2>\n\n\t\t\t\t\t\t\t\t\t\t\t\t<strong class=\"d-block text-medium-normal fw-bold mb-2\">Passion<\/strong>\n\t\t\t\t\t\t\n\t\t\t\t\t\t                        <p class=\"text-regular-normal m-0 text-teal\">V\u00e5ra erfarna och kunniga konsulter brinner f\u00f6r att hj\u00e4lpa organisationer att utvecklas. Med RLDatix kan ni r\u00e4kna med ett engagerat och helhj\u00e4rtat st\u00f6d genom alla delar av f\u00f6r\u00e4ndringsprocessen.<\/p>\n                        \n                        \t\t\t\t\t\t\n\t\t\t\t\t<\/div>\n\t\t\t\t<\/div>\n\t\t\t\t\t\t\t\t<div class=\"col-12 col-md flex-fill\">\n\t\t\t\t\t<div class=\"p-0 p-md-3\">\n\t\t\t\t\t\t<h2 \n\t\t\t\t\t\t\tclass=\"heading-h1  mb-3 d-inline-flex align-items-center justify-content-center  rounded text-bg-orange-50 px-2\" \n\t\t\t\t\t\t\tstyle=\"\">\n\t\t\t\t\t\t\t\t\t\t\t\t\t\t\t03\t\t\t\t\t\t\t\t\t\t\t\t\t<\/h2>\n\n\t\t\t\t\t\t\t\t\t\t\t\t<strong class=\"d-block text-medium-normal fw-bold mb-2\">Ledarskap<\/strong>\n\t\t\t\t\t\t\n\t\t\t\t\t\t                        <p class=\"text-regular-normal m-0 text-teal\">De flesta av v\u00e5ra tj\u00e4nster erbjuder olika former av st\u00f6d till personer eller grupper med ledande positioner. Vi \u00e4r experter p\u00e5 att st\u00e4rka chefer som leder sin organisation genom ett f\u00f6r\u00e4ndringsarbete.<\/p>\n                        \n                        \t\t\t\t\t\t\n\t\t\t\t\t<\/div>\n\t\t\t\t<\/div>\n\t\t\t\t\t\t\t<\/div>\n\t\t<\/div>\n\t\t\n\t<\/div>\n<\/section>\n\n\n\n\n    \n\n    <section\n        id=\"\"\n        class=\"text-image text-bg-white py-16 overflow-hidden text-image-69d63fc312be7 animation\"\n        data-bs-theme=\"white\">\n        <div class=\"container\">\n            <div class=\"row\">\n\n                <div class=\"col-lg-6 order-lg-2 bleed-off\">\n                    <div class=\"mb-6 mb-lg-0 position-relative\">\n                                                    <div class=\"images d-none d-lg-block\">\n                                                                    <div\n                                        style=\"background-image: url('https:\/\/www.rldatix.com\/se\/wp-content\/uploads\/sites\/9\/2025\/04\/Service-offer-block2-1080-720x800.jpg')\"\n                                        class=\"img-wrapper img-fluid d-block rounded-4\">\n                                        <img decoding=\"async\" src=\"https:\/\/www.rldatix.com\/se\/wp-content\/uploads\/sites\/9\/2025\/04\/Service-offer-block2-1080-720x800.jpg\" alt=\"\" class=\"img-fluid  opacity-0 rounded-4\" \/>\n                                    <\/div>\n                                                            <\/div>\n\n                                                            <div class=\"images d-block d-lg-none\">\n                                    <img decoding=\"async\" src=\"https:\/\/www.rldatix.com\/se\/wp-content\/uploads\/sites\/9\/2025\/04\/Service-offer-block2-1080-720x800.jpg\" alt=\"\" class=\"img-fluid w-100 d-block rounded-4\" \/>\n                                <\/div>\n                            \n                            \n                                                <\/div>\n\n                <\/div>\n\n                <div class=\"col-lg-6 order-lg-1\">\n                    <div class=\"d-flex flex-column text-wrapper justify-content-center  h-100 rounded  pe-xl-30\">\n                        \n\n<p class=\"fw-bold text-small-normal mb-2\"><\/p>\n\n\n\n<h4 class=\"wp-block-heading heading-h4 mb-4\" class=\"wp-block-heading heading-h4 mb-4\" id=\"kunskap\">\n\t\t\t\tKunskap<\/h4>\n\n\n\n<p class=\"mb-8 text-medium\">P\u00e5 RLDatix har vi l\u00e5ng erfarenhet av att st\u00f6tta v\u00e5ra kunder genom hela utvecklingsprocessen. V\u00e5r expertkunskap inom bemanning omfattar b\u00e5de processer, utbildning och system. V\u00e5ra konsulter har spetskunskap inom Systemen, ekonomi, ledarskap och projektledning. I \u00f6ver 30 \u00e5r har vi anv\u00e4nt denna erfarenhet till att ta fram och genomf\u00f6ra tj\u00e4nster som \u00e4r baserade p\u00e5 v\u00e5ra kunders behov.&nbsp;<\/p>\n\n\n\n<div class=\"wp-block-buttons mb-8 is-layout-flex wp-block-buttons-is-layout-flex\"><\/div>\n\n\n\n                        \n                        \n                    <\/div>\n                <\/div>\n\n            <\/div>\n        <\/div>\n    <\/section>\n\n\n\n\n    \n\n    <section\n        id=\"\"\n        class=\"text-image text-bg-white py-16 overflow-hidden text-image-69d63fc3159db animation\"\n        data-bs-theme=\"light\">\n        <div class=\"container\">\n            <div class=\"row\">\n\n                <div class=\"col-lg-6 order-lg-1 bleed-off\">\n                    <div class=\"mb-6 mb-lg-0 position-relative\">\n                                                    <div class=\"images d-none d-lg-block\">\n                                                                    <div\n                                        style=\"background-image: url('https:\/\/www.rldatix.com\/se\/wp-content\/uploads\/sites\/9\/2025\/04\/Service-offer-block3-1080-720x800.jpg')\"\n                                        class=\"img-wrapper img-fluid d-block rounded-4\">\n                                        <img decoding=\"async\" src=\"https:\/\/www.rldatix.com\/se\/wp-content\/uploads\/sites\/9\/2025\/04\/Service-offer-block3-1080-720x800.jpg\" alt=\"\" class=\"img-fluid  opacity-0 rounded-4\" \/>\n                                    <\/div>\n                                                            <\/div>\n\n                                                            <div class=\"images d-block d-lg-none\">\n                                    <img decoding=\"async\" src=\"https:\/\/www.rldatix.com\/se\/wp-content\/uploads\/sites\/9\/2025\/04\/Service-offer-block3-1080-720x800.jpg\" alt=\"\" class=\"img-fluid w-100 d-block rounded-4\" \/>\n                                <\/div>\n                            \n                            \n                                                <\/div>\n\n                <\/div>\n\n                <div class=\"col-lg-6 order-lg-2\">\n                    <div class=\"d-flex flex-column text-wrapper justify-content-center  h-100 rounded  ps-xl-30\">\n                        \n\n<h4 class=\"wp-block-heading heading-h4 mb-4\" class=\"wp-block-heading heading-h4 mb-4\" id=\"langsiktighet\">\n\t\t\t\tL\u00e5ngsiktighet<\/h4>\n\n\n\n<p class=\"mb-8 text-medium\">RLDatix \u00e4r en l\u00e5ngsiktig partner som kan se till att er organisation st\u00e4ndigt utvecklas i takt med kraven fr\u00e5n samh\u00e4llet och omv\u00e4rlden. Vi hj\u00e4lper till med allt fr\u00e5n \u00f6vergripande strategiska fr\u00e5gor till konkreta l\u00f6sningar och implementering av v\u00e5ra schema- och bemanningssystem. Vi finns kvar genom hela processen och st\u00f6ttar er med uppf\u00f6ljning efter genomf\u00f6rda f\u00f6r\u00e4ndringar.&nbsp;<\/p>\n\n\n\n<div class=\"wp-block-buttons mb-8 is-layout-flex wp-block-buttons-is-layout-flex\"><\/div>\n\n\n\n                        \n                        \n                    <\/div>\n                <\/div>\n\n            <\/div>\n        <\/div>\n    <\/section>\n\n\n\n\n    \n\n    <section\n        id=\"\"\n        class=\"text-image text-bg-white py-16 overflow-hidden text-image-69d63fc317c70 animation\"\n        data-bs-theme=\"white\">\n        <div class=\"container\">\n            <div class=\"row\">\n\n                <div class=\"col-lg-6 order-lg-2 bleed-off\">\n                    <div class=\"mb-6 mb-lg-0 position-relative\">\n                                                    <div class=\"images d-none d-lg-block\">\n                                                                    <div\n                                        style=\"background-image: url('https:\/\/www.rldatix.com\/se\/wp-content\/uploads\/sites\/9\/2025\/04\/Tjansteerbjudande-block4-1080-720x800.jpg')\"\n                                        class=\"img-wrapper img-fluid d-block rounded-4\">\n                                        <img decoding=\"async\" src=\"https:\/\/www.rldatix.com\/se\/wp-content\/uploads\/sites\/9\/2025\/04\/Tjansteerbjudande-block4-1080-720x800.jpg\" alt=\"\" class=\"img-fluid  opacity-0 rounded-4\" \/>\n                                    <\/div>\n                                                            <\/div>\n\n                                                            <div class=\"images d-block d-lg-none\">\n                                    <img decoding=\"async\" src=\"https:\/\/www.rldatix.com\/se\/wp-content\/uploads\/sites\/9\/2025\/04\/Tjansteerbjudande-block4-1080-720x800.jpg\" alt=\"\" class=\"img-fluid w-100 d-block rounded-4\" \/>\n                                <\/div>\n                            \n                            \n                                                <\/div>\n\n                <\/div>\n\n                <div class=\"col-lg-6 order-lg-1\">\n                    <div class=\"d-flex flex-column text-wrapper justify-content-center  h-100 rounded  pe-xl-30\">\n                        \n\n<h4 class=\"wp-block-heading heading-h4 mb-4\" class=\"wp-block-heading heading-h4 mb-4\" id=\"helhetsleverantor\">\n\t\t\t\tHelhetsleverant\u00f6r<\/h4>\n\n\n\n<p class=\"mb-8 text-medium\">RLDatix tj\u00e4nster v\u00e4nder sig till alla roller och funktioner i organisationen, fr\u00e5n ledningsgrupp och chefer till administrat\u00f6rer, st\u00f6dfunktioner och hela medarbetargrupper. Vi kan vara en helhetsleverant\u00f6r fr\u00e5n projektstart till f\u00f6rankring och uppf\u00f6ljning eller endast hj\u00e4lpa er genom en delprocess i ert f\u00f6r\u00e4ndringsarbete. Vi genomf\u00f6r utbildningsinsatser i systemkunskap och strategisk bemanningsplanering samt workshops, inspirationsf\u00f6rel\u00e4sningar och praktiska till\u00e4mpningar, allt efter era specifika behov.<\/p>\n\n\n\n                        \n                        \n                    <\/div>\n                <\/div>\n\n            <\/div>\n        <\/div>\n    <\/section>\n\n\n\n\n        <section class=\"py-17 py-md-26 cta text-bg-teal overflow-hidden position-relative\" id=\"\">\n        <div class=\"container position-relative z-2\">\n            <div class=\"row justify-content-center align-items-center row-gap-10 row-gap-md-0 top-50 start-50 translate-middle w-100 mx-auto\">\n\n                                        <div class=\"col-md-8 cta-wrapper\">\n                            <div class=\"inner-cta h-100 d-flex p-4 p-md-8 flex-column rounded text-bg-dark\">\n                                                                    <img decoding=\"async\" src=\"https:\/\/www.rldatix.com\/se\/wp-content\/uploads\/sites\/9\/2025\/07\/icon-send-email.svg\" class=\"img-fluid icon ms-auto text-end mb-14\" \/>\n                                \n                                <h3 class=\"heading-h3 mb-3\" class=\"heading-h3 mb-3\" id=\"kom-i-kontakt-med-oss\">\n\t\t\t\tKom i kontakt med oss<\/h3>\n                                <p class=\"text-white mb-3\">Har ni fr\u00e5gor om v\u00e5ra produkter, utbildningar &amp; tj\u00e4nster eller vill ni boka in en visning, anv\u00e4nd formul\u00e4ren nedan.<\/p>\n\n                                                                    <div class=\"buttons overflow-hidden-2 mt-6 d-flex flex-column flex-md-row align-items-start gap-4\">\n                                                                                        <a class=\"btn btn-light\" href=\"\/se\/foretag\/kontakta-oss\/\" \">Kontaktformul\u00e4r<\/a>\n                                                                            <\/div>\n                                \n                            <\/div>\n                        <\/div>\n                \n            <\/div>\n        <\/div>\n\n        \n    <\/section>\n\n","protected":false},"excerpt":{"rendered":"","protected":false},"author":6,"featured_media":0,"parent":0,"menu_order":0,"comment_status":"closed","ping_status":"closed","template":"template-full-width.php","meta":{"_acf_changed":true,"inline_featured_image":false,"footnotes":""},"class_list":["post-52","page","type-page","status-publish","hentry"],"acf":[],"yoast_head":"<!-- This site is optimized with the Yoast SEO plugin v25.5 - https:\/\/yoast.com\/wordpress\/plugins\/seo\/ -->\n<title>RLDatix Utbildningar &amp; Tj\u00e4nster<\/title>\n<meta name=\"description\" content=\"Vi genomf\u00f6r utbildningsinsatser i systemkunskap och strategisk bemanningsplanering, workshops och inspirationsf\u00f6rel\u00e4sningar, allt efter era specifika behov.\" \/>\n<meta name=\"robots\" content=\"index, follow, max-snippet:-1, max-image-preview:large, max-video-preview:-1\" \/>\n<link rel=\"canonical\" href=\"https:\/\/www.rldatix.com\/se\/rldatix-tjansteerbjudande\/\" \/>\n<meta property=\"og:locale\" content=\"sv_SE\" \/>\n<meta property=\"og:type\" content=\"article\" \/>\n<meta property=\"og:title\" content=\"RLDatix Utbildningar &amp; Tj\u00e4nster\" \/>\n<meta property=\"og:description\" content=\"Vi genomf\u00f6r utbildningsinsatser i systemkunskap och strategisk bemanningsplanering, workshops och inspirationsf\u00f6rel\u00e4sningar, allt efter era specifika behov.\" \/>\n<meta property=\"og:url\" content=\"https:\/\/www.rldatix.com\/se\/rldatix-tjansteerbjudande\/\" \/>\n<meta property=\"og:site_name\" content=\"Sweden\" \/>\n<meta property=\"article:modified_time\" content=\"2026-04-01T07:29:03+00:00\" \/>\n<meta property=\"og:image\" content=\"https:\/\/www.rldatix.com\/se\/wp-content\/uploads\/sites\/9\/2025\/04\/Optimerad-bemanningsplanering-Swedish-Banner-2-1.png\" \/>\n\t<meta property=\"og:image:width\" content=\"1600\" \/>\n\t<meta property=\"og:image:height\" content=\"900\" \/>\n\t<meta property=\"og:image:type\" content=\"image\/png\" \/>\n<meta name=\"twitter:card\" content=\"summary_large_image\" \/>\n<meta name=\"twitter:label1\" content=\"Est. reading time\" \/>\n\t<meta name=\"twitter:data1\" content=\"2 minuter\" \/>\n<script type=\"application\/ld+json\" class=\"yoast-schema-graph\">{\"@context\":\"https:\/\/schema.org\",\"@graph\":[{\"@type\":\"WebPage\",\"@id\":\"https:\/\/www.rldatix.com\/se\/rldatix-tjansteerbjudande\/\",\"url\":\"https:\/\/www.rldatix.com\/se\/rldatix-tjansteerbjudande\/\",\"name\":\"RLDatix Utbildningar & Tj\u00e4nster\",\"isPartOf\":{\"@id\":\"https:\/\/www.rldatix.com\/se\/#website\"},\"datePublished\":\"2024-05-20T18:28:37+00:00\",\"dateModified\":\"2026-04-01T07:29:03+00:00\",\"description\":\"Vi genomf\u00f6r utbildningsinsatser i systemkunskap och strategisk bemanningsplanering, workshops och inspirationsf\u00f6rel\u00e4sningar, allt efter era specifika behov.\",\"breadcrumb\":{\"@id\":\"https:\/\/www.rldatix.com\/se\/rldatix-tjansteerbjudande\/#breadcrumb\"},\"inLanguage\":\"sv-SE\",\"potentialAction\":[{\"@type\":\"ReadAction\",\"target\":[\"https:\/\/www.rldatix.com\/se\/rldatix-tjansteerbjudande\/\"]}],\"about\":{\"@id\":\"https:\/\/www.rldatix.com\/se\/#organization\"}},{\"@type\":\"BreadcrumbList\",\"@id\":\"https:\/\/www.rldatix.com\/se\/rldatix-tjansteerbjudande\/#breadcrumb\",\"itemListElement\":[{\"@type\":\"ListItem\",\"position\":1,\"name\":\"RLDatix \u2013 Sweden\",\"item\":\"https:\/\/www.rldatix.com\/se\/\"},{\"@type\":\"ListItem\",\"position\":2,\"name\":\"Utbildningar &amp; Tj\u00e4nster\"}]},{\"@type\":\"WebSite\",\"@id\":\"https:\/\/www.rldatix.com\/se\/#website\",\"url\":\"https:\/\/www.rldatix.com\/se\/\",\"name\":\"RLDatix \u2013 Sweden\",\"description\":\"RLDatix, the real life decisions software solutions driving health in healthcare, helping organise, reduce harm, improve safety and strengthen patient and staff outcomes through systemwide decision making\",\"publisher\":{\"@id\":\"https:\/\/www.rldatix.com\/se\/#organization\"},\"potentialAction\":[{\"@type\":\"SearchAction\",\"target\":{\"@type\":\"EntryPoint\",\"urlTemplate\":\"https:\/\/www.rldatix.com\/se\/?s={search_term_string}\"},\"query-input\":{\"@type\":\"PropertyValueSpecification\",\"valueRequired\":true,\"valueName\":\"search_term_string\"}}],\"inLanguage\":\"sv-SE\"},{\"@type\":\"Organization\",\"@id\":\"https:\/\/www.rldatix.com\/se\/#organization\",\"name\":\"RLDatix \u2013 Sweden\",\"url\":\"https:\/\/www.rldatix.com\/se\/\",\"logo\":{\"@type\":\"ImageObject\",\"inLanguage\":\"sv-SE\",\"@id\":\"https:\/\/www.rldatix.com\/se\/#\/schema\/logo\/image\/\",\"url\":\"https:\/\/www.rldatix.com\/se\/wp-content\/uploads\/sites\/9\/2024\/08\/logo-dark.svg\",\"contentUrl\":\"https:\/\/www.rldatix.com\/se\/wp-content\/uploads\/sites\/9\/2024\/08\/logo-dark.svg\",\"caption\":\"RLDatix \u2013 Sweden\"},\"image\":{\"@id\":\"https:\/\/www.rldatix.com\/se\/#\/schema\/logo\/image\/\"},\"sameAs\":[\"https:\/\/www.linkedin.com\/company\/rldatix-ab\/\"],\"areaServed\":\"Worldwide\",\"parentOrganization\":{\"@id\":\"https:\/\/www.rldatix.com\/#organization\"}},{\"@type\":\"Organization\",\"@id\":\"https:\/\/www.rldatix.com\/#organization\",\"name\":\"RLDatix\",\"url\":\"https:\/\/www.rldatix.com\/\"}]}<\/script>\n<!-- \/ Yoast SEO plugin. -->","yoast_head_json":{"title":"RLDatix Utbildningar & Tj\u00e4nster","description":"Vi genomf\u00f6r utbildningsinsatser i systemkunskap och strategisk bemanningsplanering, workshops och inspirationsf\u00f6rel\u00e4sningar, allt efter era specifika behov.","robots":{"index":"index","follow":"follow","max-snippet":"max-snippet:-1","max-image-preview":"max-image-preview:large","max-video-preview":"max-video-preview:-1"},"canonical":"https:\/\/www.rldatix.com\/se\/rldatix-tjansteerbjudande\/","og_locale":"sv_SE","og_type":"article","og_title":"RLDatix Utbildningar & Tj\u00e4nster","og_description":"Vi genomf\u00f6r utbildningsinsatser i systemkunskap och strategisk bemanningsplanering, workshops och inspirationsf\u00f6rel\u00e4sningar, allt efter era specifika behov.","og_url":"https:\/\/www.rldatix.com\/se\/rldatix-tjansteerbjudande\/","og_site_name":"Sweden","article_modified_time":"2026-04-01T07:29:03+00:00","og_image":[{"width":1600,"height":900,"url":"https:\/\/www.rldatix.com\/se\/wp-content\/uploads\/sites\/9\/2025\/04\/Optimerad-bemanningsplanering-Swedish-Banner-2-1.png","type":"image\/png"}],"twitter_card":"summary_large_image","twitter_misc":{"Est. reading time":"2 minuter"},"schema":{"@context":"https:\/\/schema.org","@graph":[{"@type":"WebPage","@id":"https:\/\/www.rldatix.com\/se\/rldatix-tjansteerbjudande\/","url":"https:\/\/www.rldatix.com\/se\/rldatix-tjansteerbjudande\/","name":"RLDatix Utbildningar & Tj\u00e4nster","isPartOf":{"@id":"https:\/\/www.rldatix.com\/se\/#website"},"datePublished":"2024-05-20T18:28:37+00:00","dateModified":"2026-04-01T07:29:03+00:00","description":"Vi genomf\u00f6r utbildningsinsatser i systemkunskap och strategisk bemanningsplanering, workshops och inspirationsf\u00f6rel\u00e4sningar, allt efter era specifika behov.","breadcrumb":{"@id":"https:\/\/www.rldatix.com\/se\/rldatix-tjansteerbjudande\/#breadcrumb"},"inLanguage":"sv-SE","potentialAction":[{"@type":"ReadAction","target":["https:\/\/www.rldatix.com\/se\/rldatix-tjansteerbjudande\/"]}],"about":{"@id":"https:\/\/www.rldatix.com\/se\/#organization"}},{"@type":"BreadcrumbList","@id":"https:\/\/www.rldatix.com\/se\/rldatix-tjansteerbjudande\/#breadcrumb","itemListElement":[{"@type":"ListItem","position":1,"name":"RLDatix \u2013 Sweden","item":"https:\/\/www.rldatix.com\/se\/"},{"@type":"ListItem","position":2,"name":"Utbildningar &amp; Tj\u00e4nster"}]},{"@type":"WebSite","@id":"https:\/\/www.rldatix.com\/se\/#website","url":"https:\/\/www.rldatix.com\/se\/","name":"RLDatix \u2013 Sweden","description":"RLDatix, the real life decisions software solutions driving health in healthcare, helping organise, reduce harm, improve safety and strengthen patient and staff outcomes through systemwide decision making","publisher":{"@id":"https:\/\/www.rldatix.com\/se\/#organization"},"potentialAction":[{"@type":"SearchAction","target":{"@type":"EntryPoint","urlTemplate":"https:\/\/www.rldatix.com\/se\/?s={search_term_string}"},"query-input":{"@type":"PropertyValueSpecification","valueRequired":true,"valueName":"search_term_string"}}],"inLanguage":"sv-SE"},{"@type":"Organization","@id":"https:\/\/www.rldatix.com\/se\/#organization","name":"RLDatix \u2013 Sweden","url":"https:\/\/www.rldatix.com\/se\/","logo":{"@type":"ImageObject","inLanguage":"sv-SE","@id":"https:\/\/www.rldatix.com\/se\/#\/schema\/logo\/image\/","url":"https:\/\/www.rldatix.com\/se\/wp-content\/uploads\/sites\/9\/2024\/08\/logo-dark.svg","contentUrl":"https:\/\/www.rldatix.com\/se\/wp-content\/uploads\/sites\/9\/2024\/08\/logo-dark.svg","caption":"RLDatix \u2013 Sweden"},"image":{"@id":"https:\/\/www.rldatix.com\/se\/#\/schema\/logo\/image\/"},"sameAs":["https:\/\/www.linkedin.com\/company\/rldatix-ab\/"],"areaServed":"Worldwide","parentOrganization":{"@id":"https:\/\/www.rldatix.com\/#organization"}},{"@type":"Organization","@id":"https:\/\/www.rldatix.com\/#organization","name":"RLDatix","url":"https:\/\/www.rldatix.com\/"}]}},"_links":{"self":[{"href":"https:\/\/www.rldatix.com\/se\/wp-json\/wp\/v2\/pages\/52","targetHints":{"allow":["GET"]}}],"collection":[{"href":"https:\/\/www.rldatix.com\/se\/wp-json\/wp\/v2\/pages"}],"about":[{"href":"https:\/\/www.rldatix.com\/se\/wp-json\/wp\/v2\/types\/page"}],"author":[{"embeddable":true,"href":"https:\/\/www.rldatix.com\/se\/wp-json\/wp\/v2\/users\/6"}],"replies":[{"embeddable":true,"href":"https:\/\/www.rldatix.com\/se\/wp-json\/wp\/v2\/comments?post=52"}],"version-history":[{"count":0,"href":"https:\/\/www.rldatix.com\/se\/wp-json\/wp\/v2\/pages\/52\/revisions"}],"wp:attachment":[{"href":"https:\/\/www.rldatix.com\/se\/wp-json\/wp\/v2\/media?parent=52"}],"curies":[{"name":"wp","href":"https:\/\/api.w.org\/{rel}","templated":true}]}}