{"id":7698,"date":"2025-09-10T11:24:03","date_gmt":"2025-09-10T10:24:03","guid":{"rendered":"https:\/\/www.rldatix.com\/se\/?page_id=7698"},"modified":"2026-04-01T08:28:44","modified_gmt":"2026-04-01T07:28:44","slug":"bemanningspodden","status":"publish","type":"page","link":"https:\/\/www.rldatix.com\/se\/bemanningspodden\/","title":{"rendered":"Bemanningspodden"},"content":{"rendered":"\n        <section id=\"\"\n        class=\"hero-secondary text-bg-off-white pt-46 pb-17 pb-md-26\">\n        <div class=\"container\">\n            <div class=\"breadcrumb text-center text-md-start mb-10 mb-md-21\"><span><span><a href=\"https:\/\/www.rldatix.com\/se\/\"><i class=\"icon-home\"><\/i><span class=\"hide-breadcrumb-text\">RLDatix \u2013 Sweden<span><\/a><\/span><\/span><\/div>        <\/div>\n        <div class=\"container-medium position-relative z-2\">\n            \n\n<h5 class=\"wp-block-heading text-small-normal fw-bold mb-2 has-text-align-center\" class=\"wp-block-heading text-small-normal fw-bold mb-2 has-text-align-center\" id=\"\">\n\t\t\t\t<\/h5>\n\n\n\n<h1 class=\"wp-block-heading heading-h1 mb-4 has-text-align-center\" class=\"wp-block-heading heading-h1 mb-4 has-text-align-center\" id=\"bemanningspodden\">\n\t\t\t\tBemanningspodden<\/h1>\n\n\n\n<p class=\"text-medium-normal mb-8 has-text-align-center\">-Oss &#8221;scheman\u00f6rdar&#8221; emellan<\/p>\n\n\n\n<div class=\"wp-block-buttons is-content-justification-center is-layout-flex wp-block-buttons-is-layout-flex\"><\/div>\n\n\n        <\/div>\n\n        \n        \n            <\/section>\n\n\n\n\n\n\n\n<section \n    id=\"\"\n    class=\"priority-cards text-bg-off-white py-17 py-md-26 overflow-hidden\">\n\n        <div class=\"container-medium\">\n        <div class=\"mb-12 mb-md-18\">\n            \n\n<h6 class=\"wp-block-heading text-small-normal has-text-align-center fw-bold mc-2\" class=\"wp-block-heading text-small-normal has-text-align-center fw-bold mc-2\" id=\"\">\n\t\t\t\t<\/h6>\n\n\n\n<h2 class=\"wp-block-heading section-title heading-h3 mb-4 has-text-align-center\" class=\"wp-block-heading section-title heading-h3 mb-4 has-text-align-center\" id=\"lyssna-pa-bemanningspodden-har\">\n\t\t\t\tLyssna p\u00e5 Bemanningspodden h\u00e4r<\/h2>\n\n\n\n<p class=\"mb-4 has-text-align-center ms-auto me-auto\"><\/p>\n\n\n\n<div class=\"wp-block-buttons is-content-justification-center is-layout-flex wp-block-buttons-is-layout-flex\">\n\n<\/div>\n\n\n        <\/div>\n    <\/div>\n    \n        <div class=\"container-large\">\n\n                <div class=\"priority-card rounded-4 overflow-hidden mb-12 mb-md-26 text-bg-white\">\n            <div class=\"row align-items-end\">\n                <div class=\"col-md-6 order-2 order-md-1\">\n                    <div class=\"p-4 p-md-10 priority-card-content\">\n                        <h4 class=\"heading-h3 mb-3\" class=\"heading-h3 mb-3\" id=\"avsnitt-6-i-vantan-pa-ett-kloningsverktyg\">\n\t\t\t\tAvsnitt 6 &#8211; &#8221;I v\u00e4ntan p\u00e5 ett kloningsverktyg&#8230;&#8221;<\/h4>\n                        <p> Som en naturlig forts\u00e4ttning p\u00e5 avsnitt 5 h\u00f6r vi h\u00e4r Jenny och Jessica Widerberg samtala kring det som alltid h\u00e4nder s\u00e5 fort schemat \u00e4r klart och olika fr\u00e5nvaroavvikelser intr\u00e4ffar. Vad finns det f\u00f6r vinster med att se \u00f6ver anv\u00e4ndandet av Bokningsassistenten och Lediga Jobb? Finns det automatiseringar som ligger oanv\u00e4nda pga ett ouppdaterat arbetss\u00e4tt eller inaktuell process?<\/p>\n                                                <div class=\"d-flex gap-3 buttons\">\n                                                        <a href=\"https:\/\/www.rldatix.com\/se\/resources\/i-vantan-pa-ett-kloningsverktyg-tips-gallande-bokningsassistenten-och-lediga-jobb\/\" class=\"btn btn-outline-dark text-teal\">Lyssna Nu<\/a>\n                                                    <\/div>\n                        \n                    <\/div>\n                <\/div>\n\n                <div class=\"col-md-6 order-1 order-md-2\">\n                                        <img decoding=\"async\" \n                        src=\"https:\/\/www.rldatix.com\/se\/wp-content\/uploads\/sites\/9\/2026\/01\/Featured-Image-Avsnitt-6-1-606x530.png\" \n                        class=\"img-fluid\" alt=\"\">\n                                    <\/div>\n\n            <\/div>\n        <\/div>\n                <div class=\"priority-card rounded-4 overflow-hidden mb-12 mb-md-26 text-bg-white\">\n            <div class=\"row align-items-end\">\n                <div class=\"col-md-6 order-2 order-md-1\">\n                    <div class=\"p-4 p-md-10 priority-card-content\">\n                        <h4 class=\"heading-h3 mb-3\" class=\"heading-h3 mb-3\" id=\"avsnitt-5-visste-du-det-har-fix-och-trix-i-time-care-planering\">\n\t\t\t\tAvsnitt 5 &#8211; Visste du det h\u00e4r? &#8211; Fix och trix i Time Care Planering<\/h4>\n                        <p>Med v\u00e5rt rykande f\u00e4rska avsnitt i Bemanningspodden vill vi ge er en tidig julklapp!\u00a0<br \/>\r\nAvsnittets g\u00e4st, Jessica Widerberg &#8211; Implementation Manager hos oss p\u00e5 RLDatix &#8211; och Jenny levererar ett paket fyllt med tips och trix och smarta funktioner i Time Care Planering. H\u00e4ng med!<\/p>\n                                                <div class=\"d-flex gap-3 buttons\">\n                                                        <a href=\"https:\/\/www.rldatix.com\/se\/resources\/visste-du-det-har-fix-och-trix-i-time-care-planering\/\" class=\"btn btn-outline-dark text-teal\">Lyssna Nu<\/a>\n                                                    <\/div>\n                        \n                    <\/div>\n                <\/div>\n\n                <div class=\"col-md-6 order-1 order-md-2\">\n                                        <img decoding=\"async\" \n                        src=\"https:\/\/www.rldatix.com\/se\/wp-content\/uploads\/sites\/9\/2025\/12\/Featured-Image-Avsnitt-5-606x530.png\" \n                        class=\"img-fluid\" alt=\"\">\n                                    <\/div>\n\n            <\/div>\n        <\/div>\n                <div class=\"priority-card rounded-4 overflow-hidden mb-12 mb-md-26 text-bg-white\">\n            <div class=\"row align-items-end\">\n                <div class=\"col-md-6 order-2 order-md-1\">\n                    <div class=\"p-4 p-md-10 priority-card-content\">\n                        <h4 class=\"heading-h3 mb-3\" class=\"heading-h3 mb-3\" id=\"avsnitt-4-schemat-den-gyllene-nyckeln-till-den-goda-kvaliten\">\n\t\t\t\tAvsnitt 4 &#8211; Schemat \u2013 den gyllene nyckeln till den goda kvalit\u00e9n<\/h4>\n                        <p>I detta avsnitt samtalar vi om schemal\u00e4ggning som faktiskt g\u00f6r skillnad! Avsnittets g\u00e4st \u00e4r den entusiasmerande Annika Prenta, enhetschef f\u00f6r ledningsst\u00f6d och utveckling, som ber\u00e4ttar hur bemanningsplanering, kvalitetss\u00e4kring och kompetensstyrning h\u00f6r ihop och samtidigt \u00e4r verktyget f\u00f6r att lyfta hela verksamheten.<br \/>\r\nH\u00e4ng med!<\/p>\n                                                <div class=\"d-flex gap-3 buttons\">\n                                                        <a href=\"https:\/\/www.rldatix.com\/se\/resources\/scemat-den-gyllene-nyckeln-till-den-goda-kvaliten\/\" class=\"btn btn-outline-dark text-teal\">Lyssna Nu<\/a>\n                                                    <\/div>\n                        \n                    <\/div>\n                <\/div>\n\n                <div class=\"col-md-6 order-1 order-md-2\">\n                                        <img decoding=\"async\" \n                        src=\"https:\/\/www.rldatix.com\/se\/wp-content\/uploads\/sites\/9\/2025\/11\/Featured-Image-Avsnitt-4-606x530.png\" \n                        class=\"img-fluid\" alt=\"\">\n                                    <\/div>\n\n            <\/div>\n        <\/div>\n                <div class=\"priority-card rounded-4 overflow-hidden mb-12 mb-md-26 text-bg-white\">\n            <div class=\"row align-items-end\">\n                <div class=\"col-md-6 order-2 order-md-1\">\n                    <div class=\"p-4 p-md-10 priority-card-content\">\n                        <h4 class=\"heading-h3 mb-3\" class=\"heading-h3 mb-3\" id=\"avsnitt-3-fran-ax-till-limpa\">\n\t\t\t\tAvsnitt 3 &#8211; &#8221;Fr\u00e5n ax till limpa&#8221; <\/h4>\n                        <p>Lyssna till avsnittet d\u00e4r Jenny bjudit in Emmelie Cedergren, planeringschef i Askersunds Kommun.<br \/>\r\nH\u00f6r om f\u00f6rb\u00e4ttringsresan som gav \u00f6nskat resultat och h\u00f6r om den centrala schemal\u00e4ggningen, korttidsrekryteringen och bemanningen som samarbetar med verksamheterna f\u00f6r en bibeh\u00e5llen god kvalitet f\u00f6r m\u00e5lgruppen och f\u00f6r en f\u00f6rankring hos medarbetarna. <\/p>\n                                                <div class=\"d-flex gap-3 buttons\">\n                                                        <a href=\"https:\/\/www.rldatix.com\/se\/resources\/avsnitt-3-fran-ax-till-limpa-forbattringsresan-som-gav-onskat-resultat\/\" class=\"btn btn-outline-dark text-teal\">Lyssna Nu<\/a>\n                                                    <\/div>\n                        \n                    <\/div>\n                <\/div>\n\n                <div class=\"col-md-6 order-1 order-md-2\">\n                                        <img decoding=\"async\" \n                        src=\"https:\/\/www.rldatix.com\/se\/wp-content\/uploads\/sites\/9\/2025\/10\/Featured-Image-Avsnitt-3-1-606x530.png\" \n                        class=\"img-fluid\" alt=\"\">\n                                    <\/div>\n\n            <\/div>\n        <\/div>\n                <div class=\"priority-card rounded-4 overflow-hidden mb-12 mb-md-26 text-bg-white\">\n            <div class=\"row align-items-end\">\n                <div class=\"col-md-6 order-2 order-md-1\">\n                    <div class=\"p-4 p-md-10 priority-card-content\">\n                        <h4 class=\"heading-h3 mb-3\" class=\"heading-h3 mb-3\" id=\"avsnitt-2-grisveckan-budgeten-styr-ju-anda-allt-och-andra-utmaningar\">\n\t\t\t\tAvsnitt 2 &#8211; &#8221;Grisveckan&#8221;, &#8221;budgeten styr ju \u00e4nd\u00e5 allt&#8221; och andra utmaningar<\/h4>\n                        <p>I avsnitt 2 av bemanningspodden har Jenny bjudit in tv\u00e5 av sina kollegor och tillika RLDatix kompetenta konsulter fr\u00e5n G\u00f6teborg. Tillsammans dyker de ner i alla stora och sm\u00e5 utmaningar som finns inom bemanningsplanering. Lyssna in f\u00f6r smarta tips, kloka insikter och f\u00f6rhoppningsvis n\u00e5gra igenk\u00e4nnande situationer.<\/p>\n                                                <div class=\"d-flex gap-3 buttons\">\n                                                        <a href=\"https:\/\/www.rldatix.com\/se\/resources\/grisveckan-budgeten-styr-ju-anda-allt-och-andra-utmaningar-gallande-bemanningsplanering\/\" class=\"btn btn-outline-dark text-teal\">Lyssna Nu<\/a>\n                                                    <\/div>\n                        \n                    <\/div>\n                <\/div>\n\n                <div class=\"col-md-6 order-1 order-md-2\">\n                                        <img decoding=\"async\" \n                        src=\"https:\/\/www.rldatix.com\/se\/wp-content\/uploads\/sites\/9\/2025\/10\/Featured-Image-Avsnitt-2-4-606x530.jpg\" \n                        class=\"img-fluid\" alt=\"\">\n                                    <\/div>\n\n            <\/div>\n        <\/div>\n                <div class=\"priority-card rounded-4 overflow-hidden mb-12 mb-md-26 text-bg-white\">\n            <div class=\"row align-items-end\">\n                <div class=\"col-md-6 order-2 order-md-1\">\n                    <div class=\"p-4 p-md-10 priority-card-content\">\n                        <h4 class=\"heading-h3 mb-3\" class=\"heading-h3 mb-3\" id=\"avsnitt-1-nar-eldsjalar-blir-schemastrateger\">\n\t\t\t\tAvsnitt 1 \u2013 \u201cN\u00e4r eldsj\u00e4lar blir schemastrateger\u201d<\/h4>\n                        <p>I det allra f\u00f6rsta avsnittet av RLDatix egen Podcast,  g\u00e4stas vi av Jennie Parder och Jimmy Lundan fr\u00e5n Bollebygds kommun. De diskuterar bemanningsfr\u00e5gornas s\u00e5v\u00e4l utmaningar som framg\u00e5ngar och de pratar ocks\u00e5 om f\u00f6rdelarna med att kunna utbilda sig digitalt inom schema och bemanning.<\/p>\n                                                <div class=\"d-flex gap-3 buttons\">\n                                                        <a href=\"https:\/\/www.rldatix.com\/se\/resources\/avsnitt-1-nar-eldsjalar-blir-schemastrateger\/\" class=\"btn btn-outline-dark text-teal\">Lyssna Nu<\/a>\n                                                    <\/div>\n                        \n                    <\/div>\n                <\/div>\n\n                <div class=\"col-md-6 order-1 order-md-2\">\n                                        <img decoding=\"async\" \n                        src=\"https:\/\/www.rldatix.com\/se\/wp-content\/uploads\/sites\/9\/2025\/09\/Featured-Image-606x530.png\" \n                        class=\"img-fluid\" alt=\"\">\n                                    <\/div>\n\n            <\/div>\n        <\/div>\n        \n    <\/div>\n    \n<\/section>\n\n\n","protected":false},"excerpt":{"rendered":"","protected":false},"author":10,"featured_media":0,"parent":0,"menu_order":0,"comment_status":"closed","ping_status":"closed","template":"template-full-width.php","meta":{"_acf_changed":true,"inline_featured_image":false,"footnotes":""},"class_list":["post-7698","page","type-page","status-publish","hentry"],"acf":[],"yoast_head":"<!-- This site is optimized with the Yoast SEO plugin v25.5 - https:\/\/yoast.com\/wordpress\/plugins\/seo\/ -->\n<title>Bemanningspodden \u2013 RLDatix podcast about workforce planning &amp; staffing<\/title>\n<meta name=\"description\" content=\"Bemanningspodden. Uppt\u00e4ck mjukvarul\u00f6sningar f\u00f6r h\u00e4lso- och sjukv\u00e5rden som st\u00f6djer patients\u00e4kerhet, regelefterlevnad och operativ effektivitet.\" \/>\n<meta name=\"robots\" content=\"index, follow, max-snippet:-1, max-image-preview:large, max-video-preview:-1\" \/>\n<link rel=\"canonical\" href=\"https:\/\/www.rldatix.com\/se\/bemanningspodden\/\" \/>\n<meta property=\"og:locale\" content=\"sv_SE\" \/>\n<meta property=\"og:type\" content=\"article\" \/>\n<meta property=\"og:title\" content=\"Bemanningspodden \u2013 RLDatix podcast about workforce planning &amp; staffing\" \/>\n<meta property=\"og:description\" content=\"Bemanningspodden. Uppt\u00e4ck mjukvarul\u00f6sningar f\u00f6r h\u00e4lso- och sjukv\u00e5rden som st\u00f6djer patients\u00e4kerhet, regelefterlevnad och operativ effektivitet.\" \/>\n<meta property=\"og:url\" content=\"https:\/\/www.rldatix.com\/se\/bemanningspodden\/\" \/>\n<meta property=\"og:site_name\" content=\"Sweden\" \/>\n<meta property=\"article:modified_time\" content=\"2026-04-01T07:28:44+00:00\" \/>\n<meta property=\"og:image\" content=\"https:\/\/www.rldatix.com\/se\/wp-content\/uploads\/sites\/9\/2025\/04\/Optimerad-bemanningsplanering-Swedish-Banner-2-1.png\" \/>\n\t<meta property=\"og:image:width\" content=\"1600\" \/>\n\t<meta property=\"og:image:height\" content=\"900\" \/>\n\t<meta property=\"og:image:type\" content=\"image\/png\" \/>\n<meta name=\"twitter:card\" content=\"summary_large_image\" \/>\n<meta name=\"twitter:label1\" content=\"Est. reading time\" \/>\n\t<meta name=\"twitter:data1\" content=\"1 minut\" \/>\n<script type=\"application\/ld+json\" class=\"yoast-schema-graph\">{\"@context\":\"https:\/\/schema.org\",\"@graph\":[{\"@type\":\"WebPage\",\"@id\":\"https:\/\/www.rldatix.com\/se\/bemanningspodden\/\",\"url\":\"https:\/\/www.rldatix.com\/se\/bemanningspodden\/\",\"name\":\"Bemanningspodden \u2013 RLDatix podcast about workforce planning & staffing\",\"isPartOf\":{\"@id\":\"https:\/\/www.rldatix.com\/se\/#website\"},\"datePublished\":\"2025-09-10T10:24:03+00:00\",\"dateModified\":\"2026-04-01T07:28:44+00:00\",\"description\":\"Bemanningspodden. Uppt\u00e4ck mjukvarul\u00f6sningar f\u00f6r h\u00e4lso- och sjukv\u00e5rden som st\u00f6djer patients\u00e4kerhet, regelefterlevnad och operativ effektivitet.\",\"breadcrumb\":{\"@id\":\"https:\/\/www.rldatix.com\/se\/bemanningspodden\/#breadcrumb\"},\"inLanguage\":\"sv-SE\",\"potentialAction\":[{\"@type\":\"ReadAction\",\"target\":[\"https:\/\/www.rldatix.com\/se\/bemanningspodden\/\"]}],\"about\":{\"@id\":\"https:\/\/www.rldatix.com\/se\/#organization\"}},{\"@type\":\"BreadcrumbList\",\"@id\":\"https:\/\/www.rldatix.com\/se\/bemanningspodden\/#breadcrumb\",\"itemListElement\":[{\"@type\":\"ListItem\",\"position\":1,\"name\":\"RLDatix \u2013 Sweden\",\"item\":\"https:\/\/www.rldatix.com\/se\/\"},{\"@type\":\"ListItem\",\"position\":2,\"name\":\"Bemanningspodden\"}]},{\"@type\":\"WebSite\",\"@id\":\"https:\/\/www.rldatix.com\/se\/#website\",\"url\":\"https:\/\/www.rldatix.com\/se\/\",\"name\":\"RLDatix \u2013 Sweden\",\"description\":\"RLDatix, the real life decisions software solutions driving health in healthcare, helping organise, reduce harm, improve safety and strengthen patient and staff outcomes through systemwide decision making\",\"publisher\":{\"@id\":\"https:\/\/www.rldatix.com\/se\/#organization\"},\"potentialAction\":[{\"@type\":\"SearchAction\",\"target\":{\"@type\":\"EntryPoint\",\"urlTemplate\":\"https:\/\/www.rldatix.com\/se\/?s={search_term_string}\"},\"query-input\":{\"@type\":\"PropertyValueSpecification\",\"valueRequired\":true,\"valueName\":\"search_term_string\"}}],\"inLanguage\":\"sv-SE\"},{\"@type\":\"Organization\",\"@id\":\"https:\/\/www.rldatix.com\/se\/#organization\",\"name\":\"RLDatix \u2013 Sweden\",\"url\":\"https:\/\/www.rldatix.com\/se\/\",\"logo\":{\"@type\":\"ImageObject\",\"inLanguage\":\"sv-SE\",\"@id\":\"https:\/\/www.rldatix.com\/se\/#\/schema\/logo\/image\/\",\"url\":\"https:\/\/www.rldatix.com\/se\/wp-content\/uploads\/sites\/9\/2024\/08\/logo-dark.svg\",\"contentUrl\":\"https:\/\/www.rldatix.com\/se\/wp-content\/uploads\/sites\/9\/2024\/08\/logo-dark.svg\",\"caption\":\"RLDatix \u2013 Sweden\"},\"image\":{\"@id\":\"https:\/\/www.rldatix.com\/se\/#\/schema\/logo\/image\/\"},\"sameAs\":[\"https:\/\/www.linkedin.com\/company\/rldatix-ab\/\"],\"areaServed\":\"Worldwide\",\"parentOrganization\":{\"@id\":\"https:\/\/www.rldatix.com\/#organization\"}},{\"@type\":\"Organization\",\"@id\":\"https:\/\/www.rldatix.com\/#organization\",\"name\":\"RLDatix\",\"url\":\"https:\/\/www.rldatix.com\/\"}]}<\/script>\n<!-- \/ Yoast SEO plugin. -->","yoast_head_json":{"title":"Bemanningspodden \u2013 RLDatix podcast about workforce planning & staffing","description":"Bemanningspodden. Uppt\u00e4ck mjukvarul\u00f6sningar f\u00f6r h\u00e4lso- och sjukv\u00e5rden som st\u00f6djer patients\u00e4kerhet, regelefterlevnad och operativ effektivitet.","robots":{"index":"index","follow":"follow","max-snippet":"max-snippet:-1","max-image-preview":"max-image-preview:large","max-video-preview":"max-video-preview:-1"},"canonical":"https:\/\/www.rldatix.com\/se\/bemanningspodden\/","og_locale":"sv_SE","og_type":"article","og_title":"Bemanningspodden \u2013 RLDatix podcast about workforce planning & staffing","og_description":"Bemanningspodden. Uppt\u00e4ck mjukvarul\u00f6sningar f\u00f6r h\u00e4lso- och sjukv\u00e5rden som st\u00f6djer patients\u00e4kerhet, regelefterlevnad och operativ effektivitet.","og_url":"https:\/\/www.rldatix.com\/se\/bemanningspodden\/","og_site_name":"Sweden","article_modified_time":"2026-04-01T07:28:44+00:00","og_image":[{"width":1600,"height":900,"url":"https:\/\/www.rldatix.com\/se\/wp-content\/uploads\/sites\/9\/2025\/04\/Optimerad-bemanningsplanering-Swedish-Banner-2-1.png","type":"image\/png"}],"twitter_card":"summary_large_image","twitter_misc":{"Est. reading time":"1 minut"},"schema":{"@context":"https:\/\/schema.org","@graph":[{"@type":"WebPage","@id":"https:\/\/www.rldatix.com\/se\/bemanningspodden\/","url":"https:\/\/www.rldatix.com\/se\/bemanningspodden\/","name":"Bemanningspodden \u2013 RLDatix podcast about workforce planning & staffing","isPartOf":{"@id":"https:\/\/www.rldatix.com\/se\/#website"},"datePublished":"2025-09-10T10:24:03+00:00","dateModified":"2026-04-01T07:28:44+00:00","description":"Bemanningspodden. Uppt\u00e4ck mjukvarul\u00f6sningar f\u00f6r h\u00e4lso- och sjukv\u00e5rden som st\u00f6djer patients\u00e4kerhet, regelefterlevnad och operativ effektivitet.","breadcrumb":{"@id":"https:\/\/www.rldatix.com\/se\/bemanningspodden\/#breadcrumb"},"inLanguage":"sv-SE","potentialAction":[{"@type":"ReadAction","target":["https:\/\/www.rldatix.com\/se\/bemanningspodden\/"]}],"about":{"@id":"https:\/\/www.rldatix.com\/se\/#organization"}},{"@type":"BreadcrumbList","@id":"https:\/\/www.rldatix.com\/se\/bemanningspodden\/#breadcrumb","itemListElement":[{"@type":"ListItem","position":1,"name":"RLDatix \u2013 Sweden","item":"https:\/\/www.rldatix.com\/se\/"},{"@type":"ListItem","position":2,"name":"Bemanningspodden"}]},{"@type":"WebSite","@id":"https:\/\/www.rldatix.com\/se\/#website","url":"https:\/\/www.rldatix.com\/se\/","name":"RLDatix \u2013 Sweden","description":"RLDatix, the real life decisions software solutions driving health in healthcare, helping organise, reduce harm, improve safety and strengthen patient and staff outcomes through systemwide decision making","publisher":{"@id":"https:\/\/www.rldatix.com\/se\/#organization"},"potentialAction":[{"@type":"SearchAction","target":{"@type":"EntryPoint","urlTemplate":"https:\/\/www.rldatix.com\/se\/?s={search_term_string}"},"query-input":{"@type":"PropertyValueSpecification","valueRequired":true,"valueName":"search_term_string"}}],"inLanguage":"sv-SE"},{"@type":"Organization","@id":"https:\/\/www.rldatix.com\/se\/#organization","name":"RLDatix \u2013 Sweden","url":"https:\/\/www.rldatix.com\/se\/","logo":{"@type":"ImageObject","inLanguage":"sv-SE","@id":"https:\/\/www.rldatix.com\/se\/#\/schema\/logo\/image\/","url":"https:\/\/www.rldatix.com\/se\/wp-content\/uploads\/sites\/9\/2024\/08\/logo-dark.svg","contentUrl":"https:\/\/www.rldatix.com\/se\/wp-content\/uploads\/sites\/9\/2024\/08\/logo-dark.svg","caption":"RLDatix \u2013 Sweden"},"image":{"@id":"https:\/\/www.rldatix.com\/se\/#\/schema\/logo\/image\/"},"sameAs":["https:\/\/www.linkedin.com\/company\/rldatix-ab\/"],"areaServed":"Worldwide","parentOrganization":{"@id":"https:\/\/www.rldatix.com\/#organization"}},{"@type":"Organization","@id":"https:\/\/www.rldatix.com\/#organization","name":"RLDatix","url":"https:\/\/www.rldatix.com\/"}]}},"_links":{"self":[{"href":"https:\/\/www.rldatix.com\/se\/wp-json\/wp\/v2\/pages\/7698","targetHints":{"allow":["GET"]}}],"collection":[{"href":"https:\/\/www.rldatix.com\/se\/wp-json\/wp\/v2\/pages"}],"about":[{"href":"https:\/\/www.rldatix.com\/se\/wp-json\/wp\/v2\/types\/page"}],"author":[{"embeddable":true,"href":"https:\/\/www.rldatix.com\/se\/wp-json\/wp\/v2\/users\/10"}],"replies":[{"embeddable":true,"href":"https:\/\/www.rldatix.com\/se\/wp-json\/wp\/v2\/comments?post=7698"}],"version-history":[{"count":0,"href":"https:\/\/www.rldatix.com\/se\/wp-json\/wp\/v2\/pages\/7698\/revisions"}],"wp:attachment":[{"href":"https:\/\/www.rldatix.com\/se\/wp-json\/wp\/v2\/media?parent=7698"}],"curies":[{"name":"wp","href":"https:\/\/api.w.org\/{rel}","templated":true}]}}