{"id":8061,"date":"2025-07-21T21:24:51","date_gmt":"2025-07-21T14:24:51","guid":{"rendered":"https:\/\/www.rldatix.com\/se\/terms\/"},"modified":"2026-04-01T08:29:03","modified_gmt":"2026-04-01T07:29:03","slug":"villkor","status":"publish","type":"page","link":"https:\/\/www.rldatix.com\/se\/villkor\/","title":{"rendered":"Villkor"},"content":{"rendered":"\n        <section id=\"\" class=\"hero-primary text-bg-teal pt-46 overflow-hidden position-relative\">\n        <div class=\"container position-relative z-2\">\n            <div class=\"breadcrumb  text-center text-md-start mb-10 mb-md-21\"><span><span><a href=\"https:\/\/www.rldatix.com\/se\/\"><i class=\"icon-home\"><\/i><span class=\"hide-breadcrumb-text\">RLDatix \u2013 Sweden<span><\/a><\/span><\/span><\/div>        <\/div>\n        <div class=\"container-small\">\n            \n\n<h5 class=\"wp-block-heading text-small-normal fw-bold mb-2 has-text-align-center\"><\/h5>\n\n\n\n<h1 class=\"wp-block-heading heading-h1 mb-4 has-text-align-center\">Contract Documents<\/h1>\n\n\n\n<p class=\"text-medium-normal mb-8 has-text-align-center\"><\/p>\n\n\n\n<p class=\"text-medium-normal mb-8 has-text-align-center\"><\/p>\n\n\n\n<div class=\"wp-block-buttons is-content-justification-center is-layout-flex wp-block-buttons-is-layout-flex\"><\/div>\n\n\n        <\/div>\n\n\n\n        <div\n            class=\"img-wrapper text-center position-relative mt-10 mt-lg-18\">\n\n            \n        <\/div>\n\n        \n    <\/section>\n\n\n\n\n\n<section class=\"content-wrapper py-18 py-md-26 text-bg-white \" id=\"\">\n    <div class=\"container-medium\">\n        \n            \n\n<h1 class=\"wp-block-heading\">Contract Documents<\/h1>\n\n\n\n<ul class=\"wp-block-list\">\n<li><a href=\"https:\/\/www.rldatix.com\/se\/villkor\/master-services-agreement\/\" target=\"_blank\" rel=\"noreferrer noopener\">Master Services Agreement<\/a><\/li>\n\n\n\n<li><a href=\"https:\/\/www.rldatix.com\/se\/wp-content\/uploads\/sites\/9\/2025\/12\/RLD-Standard-Support-Plan-V4-FRR-October-2025-Global.pdf\" target=\"_blank\" rel=\"noreferrer noopener\">RLD Standard Support Plan<\/a><\/li>\n<\/ul>\n\n  \n\n        \n    <\/div>\n<\/section>\n\n\n\n\n<p><\/p>\n","protected":false},"excerpt":{"rendered":"","protected":false},"author":14,"featured_media":0,"parent":0,"menu_order":0,"comment_status":"closed","ping_status":"closed","template":"template-full-width.php","meta":{"_acf_changed":false,"inline_featured_image":false,"footnotes":""},"class_list":["post-8061","page","type-page","status-publish","hentry"],"acf":[],"yoast_head":"<!-- This site is optimized with the Yoast SEO plugin v25.5 - https:\/\/yoast.com\/wordpress\/plugins\/seo\/ -->\n<title>Villkor | Sweden<\/title>\n<meta name=\"description\" content=\"Villkor. Uppt\u00e4ck mjukvarul\u00f6sningar f\u00f6r h\u00e4lso- och sjukv\u00e5rden som st\u00f6djer patients\u00e4kerhet, regelefterlevnad och operativ effektivitet.\" \/>\n<meta name=\"robots\" content=\"index, follow, max-snippet:-1, max-image-preview:large, max-video-preview:-1\" \/>\n<link rel=\"canonical\" href=\"https:\/\/www.rldatix.com\/se\/villkor\/\" \/>\n<meta property=\"og:locale\" content=\"sv_SE\" \/>\n<meta property=\"og:type\" content=\"article\" \/>\n<meta property=\"og:title\" content=\"Villkor | Sweden\" \/>\n<meta property=\"og:description\" content=\"Villkor. Uppt\u00e4ck mjukvarul\u00f6sningar f\u00f6r h\u00e4lso- och sjukv\u00e5rden som st\u00f6djer patients\u00e4kerhet, regelefterlevnad och operativ effektivitet.\" \/>\n<meta property=\"og:url\" content=\"https:\/\/www.rldatix.com\/se\/villkor\/\" \/>\n<meta property=\"og:site_name\" content=\"Sweden\" \/>\n<meta property=\"article:modified_time\" content=\"2026-04-01T07:29:03+00:00\" \/>\n<meta property=\"og:image\" content=\"https:\/\/www.rldatix.com\/se\/wp-content\/uploads\/sites\/9\/2025\/04\/Optimerad-bemanningsplanering-Swedish-Banner-2-1.png\" \/>\n\t<meta property=\"og:image:width\" content=\"1600\" \/>\n\t<meta property=\"og:image:height\" content=\"900\" \/>\n\t<meta property=\"og:image:type\" content=\"image\/png\" \/>\n<meta name=\"twitter:card\" content=\"summary_large_image\" \/>\n<meta name=\"twitter:label1\" content=\"Est. reading time\" \/>\n\t<meta name=\"twitter:data1\" content=\"1 minut\" \/>\n<script type=\"application\/ld+json\" class=\"yoast-schema-graph\">{\"@context\":\"https:\/\/schema.org\",\"@graph\":[{\"@type\":\"WebPage\",\"@id\":\"https:\/\/www.rldatix.com\/se\/villkor\/\",\"url\":\"https:\/\/www.rldatix.com\/se\/villkor\/\",\"name\":\"Villkor | Sweden\",\"isPartOf\":{\"@id\":\"https:\/\/www.rldatix.com\/se\/#website\"},\"datePublished\":\"2025-07-21T14:24:51+00:00\",\"dateModified\":\"2026-04-01T07:29:03+00:00\",\"description\":\"Villkor. Uppt\u00e4ck mjukvarul\u00f6sningar f\u00f6r h\u00e4lso- och sjukv\u00e5rden som st\u00f6djer patients\u00e4kerhet, regelefterlevnad och operativ effektivitet.\",\"breadcrumb\":{\"@id\":\"https:\/\/www.rldatix.com\/se\/villkor\/#breadcrumb\"},\"inLanguage\":\"sv-SE\",\"potentialAction\":[{\"@type\":\"ReadAction\",\"target\":[\"https:\/\/www.rldatix.com\/se\/villkor\/\"]}],\"about\":{\"@id\":\"https:\/\/www.rldatix.com\/se\/#organization\"}},{\"@type\":\"BreadcrumbList\",\"@id\":\"https:\/\/www.rldatix.com\/se\/villkor\/#breadcrumb\",\"itemListElement\":[{\"@type\":\"ListItem\",\"position\":1,\"name\":\"RLDatix \u2013 Sweden\",\"item\":\"https:\/\/www.rldatix.com\/se\/\"},{\"@type\":\"ListItem\",\"position\":2,\"name\":\"Villkor\"}]},{\"@type\":\"WebSite\",\"@id\":\"https:\/\/www.rldatix.com\/se\/#website\",\"url\":\"https:\/\/www.rldatix.com\/se\/\",\"name\":\"RLDatix \u2013 Sweden\",\"description\":\"RLDatix, the real life decisions software solutions driving health in healthcare, helping organise, reduce harm, improve safety and strengthen patient and staff outcomes through systemwide decision making\",\"publisher\":{\"@id\":\"https:\/\/www.rldatix.com\/se\/#organization\"},\"potentialAction\":[{\"@type\":\"SearchAction\",\"target\":{\"@type\":\"EntryPoint\",\"urlTemplate\":\"https:\/\/www.rldatix.com\/se\/?s={search_term_string}\"},\"query-input\":{\"@type\":\"PropertyValueSpecification\",\"valueRequired\":true,\"valueName\":\"search_term_string\"}}],\"inLanguage\":\"sv-SE\"},{\"@type\":\"Organization\",\"@id\":\"https:\/\/www.rldatix.com\/se\/#organization\",\"name\":\"RLDatix \u2013 Sweden\",\"url\":\"https:\/\/www.rldatix.com\/se\/\",\"logo\":{\"@type\":\"ImageObject\",\"inLanguage\":\"sv-SE\",\"@id\":\"https:\/\/www.rldatix.com\/se\/#\/schema\/logo\/image\/\",\"url\":\"https:\/\/www.rldatix.com\/se\/wp-content\/uploads\/sites\/9\/2024\/08\/logo-dark.svg\",\"contentUrl\":\"https:\/\/www.rldatix.com\/se\/wp-content\/uploads\/sites\/9\/2024\/08\/logo-dark.svg\",\"caption\":\"RLDatix \u2013 Sweden\"},\"image\":{\"@id\":\"https:\/\/www.rldatix.com\/se\/#\/schema\/logo\/image\/\"},\"sameAs\":[\"https:\/\/www.linkedin.com\/company\/rldatix-ab\/\"],\"areaServed\":\"Worldwide\",\"parentOrganization\":{\"@id\":\"https:\/\/www.rldatix.com\/#organization\"}},{\"@type\":\"Organization\",\"@id\":\"https:\/\/www.rldatix.com\/#organization\",\"name\":\"RLDatix\",\"url\":\"https:\/\/www.rldatix.com\/\"}]}<\/script>\n<!-- \/ Yoast SEO plugin. -->","yoast_head_json":{"title":"Villkor | Sweden","description":"Villkor. Uppt\u00e4ck mjukvarul\u00f6sningar f\u00f6r h\u00e4lso- och sjukv\u00e5rden som st\u00f6djer patients\u00e4kerhet, regelefterlevnad och operativ effektivitet.","robots":{"index":"index","follow":"follow","max-snippet":"max-snippet:-1","max-image-preview":"max-image-preview:large","max-video-preview":"max-video-preview:-1"},"canonical":"https:\/\/www.rldatix.com\/se\/villkor\/","og_locale":"sv_SE","og_type":"article","og_title":"Villkor | Sweden","og_description":"Villkor. Uppt\u00e4ck mjukvarul\u00f6sningar f\u00f6r h\u00e4lso- och sjukv\u00e5rden som st\u00f6djer patients\u00e4kerhet, regelefterlevnad och operativ effektivitet.","og_url":"https:\/\/www.rldatix.com\/se\/villkor\/","og_site_name":"Sweden","article_modified_time":"2026-04-01T07:29:03+00:00","og_image":[{"width":1600,"height":900,"url":"https:\/\/www.rldatix.com\/se\/wp-content\/uploads\/sites\/9\/2025\/04\/Optimerad-bemanningsplanering-Swedish-Banner-2-1.png","type":"image\/png"}],"twitter_card":"summary_large_image","twitter_misc":{"Est. reading time":"1 minut"},"schema":{"@context":"https:\/\/schema.org","@graph":[{"@type":"WebPage","@id":"https:\/\/www.rldatix.com\/se\/villkor\/","url":"https:\/\/www.rldatix.com\/se\/villkor\/","name":"Villkor | Sweden","isPartOf":{"@id":"https:\/\/www.rldatix.com\/se\/#website"},"datePublished":"2025-07-21T14:24:51+00:00","dateModified":"2026-04-01T07:29:03+00:00","description":"Villkor. Uppt\u00e4ck mjukvarul\u00f6sningar f\u00f6r h\u00e4lso- och sjukv\u00e5rden som st\u00f6djer patients\u00e4kerhet, regelefterlevnad och operativ effektivitet.","breadcrumb":{"@id":"https:\/\/www.rldatix.com\/se\/villkor\/#breadcrumb"},"inLanguage":"sv-SE","potentialAction":[{"@type":"ReadAction","target":["https:\/\/www.rldatix.com\/se\/villkor\/"]}],"about":{"@id":"https:\/\/www.rldatix.com\/se\/#organization"}},{"@type":"BreadcrumbList","@id":"https:\/\/www.rldatix.com\/se\/villkor\/#breadcrumb","itemListElement":[{"@type":"ListItem","position":1,"name":"RLDatix \u2013 Sweden","item":"https:\/\/www.rldatix.com\/se\/"},{"@type":"ListItem","position":2,"name":"Villkor"}]},{"@type":"WebSite","@id":"https:\/\/www.rldatix.com\/se\/#website","url":"https:\/\/www.rldatix.com\/se\/","name":"RLDatix \u2013 Sweden","description":"RLDatix, the real life decisions software solutions driving health in healthcare, helping organise, reduce harm, improve safety and strengthen patient and staff outcomes through systemwide decision making","publisher":{"@id":"https:\/\/www.rldatix.com\/se\/#organization"},"potentialAction":[{"@type":"SearchAction","target":{"@type":"EntryPoint","urlTemplate":"https:\/\/www.rldatix.com\/se\/?s={search_term_string}"},"query-input":{"@type":"PropertyValueSpecification","valueRequired":true,"valueName":"search_term_string"}}],"inLanguage":"sv-SE"},{"@type":"Organization","@id":"https:\/\/www.rldatix.com\/se\/#organization","name":"RLDatix \u2013 Sweden","url":"https:\/\/www.rldatix.com\/se\/","logo":{"@type":"ImageObject","inLanguage":"sv-SE","@id":"https:\/\/www.rldatix.com\/se\/#\/schema\/logo\/image\/","url":"https:\/\/www.rldatix.com\/se\/wp-content\/uploads\/sites\/9\/2024\/08\/logo-dark.svg","contentUrl":"https:\/\/www.rldatix.com\/se\/wp-content\/uploads\/sites\/9\/2024\/08\/logo-dark.svg","caption":"RLDatix \u2013 Sweden"},"image":{"@id":"https:\/\/www.rldatix.com\/se\/#\/schema\/logo\/image\/"},"sameAs":["https:\/\/www.linkedin.com\/company\/rldatix-ab\/"],"areaServed":"Worldwide","parentOrganization":{"@id":"https:\/\/www.rldatix.com\/#organization"}},{"@type":"Organization","@id":"https:\/\/www.rldatix.com\/#organization","name":"RLDatix","url":"https:\/\/www.rldatix.com\/"}]}},"_links":{"self":[{"href":"https:\/\/www.rldatix.com\/se\/wp-json\/wp\/v2\/pages\/8061","targetHints":{"allow":["GET"]}}],"collection":[{"href":"https:\/\/www.rldatix.com\/se\/wp-json\/wp\/v2\/pages"}],"about":[{"href":"https:\/\/www.rldatix.com\/se\/wp-json\/wp\/v2\/types\/page"}],"author":[{"embeddable":true,"href":"https:\/\/www.rldatix.com\/se\/wp-json\/wp\/v2\/users\/14"}],"replies":[{"embeddable":true,"href":"https:\/\/www.rldatix.com\/se\/wp-json\/wp\/v2\/comments?post=8061"}],"version-history":[{"count":0,"href":"https:\/\/www.rldatix.com\/se\/wp-json\/wp\/v2\/pages\/8061\/revisions"}],"wp:attachment":[{"href":"https:\/\/www.rldatix.com\/se\/wp-json\/wp\/v2\/media?parent=8061"}],"curies":[{"name":"wp","href":"https:\/\/api.w.org\/{rel}","templated":true}]}}